{"id":35,"date":"2018-10-01T01:39:46","date_gmt":"2018-10-01T01:39:46","guid":{"rendered":"http:\/\/coliseum.com.mx\/satine\/?page_id=35"},"modified":"2018-10-03T23:45:26","modified_gmt":"2018-10-03T23:45:26","slug":"inicio","status":"publish","type":"page","link":"https:\/\/coliseum.com.mx\/satine\/inicio\/","title":{"rendered":"EROTIC &#038; LOVE FOOD"},"content":{"rendered":"<p><span style=\"font-weight: 400;\">SATINE: EROTIC &amp; LOVE FOOD<\/span><\/p>\n<p><span style=\"font-weight: 400;\">Un tour er\u00f3tico-culinario en siete tiempos creado por la chef Mariana Jasso.<\/span><\/p>\n<p>&nbsp;<\/p>\n<p><span style=\"font-weight: 400;\">A trav\u00e9s de siete platos (cinco fijos, uno a elegir y el delicioso desenlace de un postre) SATINE: EROTIC &amp; LOVE FOOD busca llevar a sus visitantes a trav\u00e9s de una experiencia in\u00e9dita en Ciudad de M\u00e9xico: el encuentro entre la cocina y el erotismo.<\/span><\/p>\n<p>&nbsp;<\/p>\n<p><span style=\"font-weight: 400;\">\u00a1Bienvenidos, paladares y mentes abiertas a una experiencia exclusiva!<\/span><\/p>\n<p>&nbsp;<\/p>\n<p><span style=\"font-weight: 400;\">Contamos \u00fanicamente con 10 mesas y una sesi\u00f3n por d\u00eda de aproximadamente dos horas, durante las cuales experimentar\u00e1s un recorrido inusual a trav\u00e9s de las sensaciones, por lo que es importante reservar con antelaci\u00f3n.<\/span><\/p>\n<p>&nbsp;<\/p>\n<p><span style=\"font-weight: 400;\">Bienvenidos.<\/span><\/p>\n","protected":false},"excerpt":{"rendered":"<p>SATINE: EROTIC &amp; LOVE FOOD Un tour er\u00f3tico-culinario en siete tiempos creado por la chef Mariana Jasso. &nbsp; A trav\u00e9s de siete platos (cinco fijos, uno a elegir y el delicioso desenlace de un postre) SATINE: EROTIC &amp; LOVE FOOD busca llevar a sus visitantes a trav\u00e9s de una experiencia in\u00e9dita en Ciudad de M\u00e9xico:&#8230;<\/p>\n","protected":false},"author":1,"featured_media":64,"parent":0,"menu_order":0,"comment_status":"closed","ping_status":"closed","template":"","meta":{"footnotes":""},"_links":{"self":[{"href":"https:\/\/coliseum.com.mx\/satine\/wp-json\/wp\/v2\/pages\/35"}],"collection":[{"href":"https:\/\/coliseum.com.mx\/satine\/wp-json\/wp\/v2\/pages"}],"about":[{"href":"https:\/\/coliseum.com.mx\/satine\/wp-json\/wp\/v2\/types\/page"}],"author":[{"embeddable":true,"href":"https:\/\/coliseum.com.mx\/satine\/wp-json\/wp\/v2\/users\/1"}],"replies":[{"embeddable":true,"href":"https:\/\/coliseum.com.mx\/satine\/wp-json\/wp\/v2\/comments?post=35"}],"version-history":[{"count":9,"href":"https:\/\/coliseum.com.mx\/satine\/wp-json\/wp\/v2\/pages\/35\/revisions"}],"predecessor-version":[{"id":144,"href":"https:\/\/coliseum.com.mx\/satine\/wp-json\/wp\/v2\/pages\/35\/revisions\/144"}],"wp:featuredmedia":[{"embeddable":true,"href":"https:\/\/coliseum.com.mx\/satine\/wp-json\/wp\/v2\/media\/64"}],"wp:attachment":[{"href":"https:\/\/coliseum.com.mx\/satine\/wp-json\/wp\/v2\/media?parent=35"}],"curies":[{"name":"wp","href":"https:\/\/api.w.org\/{rel}","templated":true}]}}