{"id":119,"date":"2018-10-03T05:33:29","date_gmt":"2018-10-03T05:33:29","guid":{"rendered":"http:\/\/coliseum.com.mx\/satine\/?page_id=119"},"modified":"2018-10-03T23:44:28","modified_gmt":"2018-10-03T23:44:28","slug":"chef-mariana-jasso","status":"publish","type":"page","link":"https:\/\/coliseum.com.mx\/satine\/chef-mariana-jasso\/","title":{"rendered":"CHEF MARIANA JASSO"},"content":{"rendered":"<p><span style=\"font-weight: 400;\">CHEF MARIANA JASSO<\/span><\/p>\n<p><span style=\"font-weight: 400;\">Despu\u00e9s de tres a\u00f1os de investigaci\u00f3n, nuestra chef residente comenz\u00f3 la creaci\u00f3n de un men\u00fa de tiempos dise\u00f1ado para seducir el paladar, pero tambi\u00e9n los sentidos encargados de despertar el erotismo: olfato, o\u00eddo, tacto y vista.<\/span><\/p>\n<p>&nbsp;<\/p>\n<p><span style=\"font-weight: 400;\">Las especialidades de SATINE: EROTIC &amp; LOVE FOOD son la representaci\u00f3n final de una gira mundial realizada por Mariana Jasso en busca de ingredientes nacionales e internacionales que se conjugan en una exquisita velada donde nuestros invitados descubrir\u00e1n el poder sensual de los sabores.<\/span><\/p>\n<p>&nbsp;<\/p>\n<p><span style=\"font-weight: 400;\">Acepta la invitaci\u00f3n de Mariana Jasso a descubrir un placer inusual.<\/span><\/p>\n","protected":false},"excerpt":{"rendered":"<p>CHEF MARIANA JASSO Despu\u00e9s de tres a\u00f1os de investigaci\u00f3n, nuestra chef residente comenz\u00f3 la creaci\u00f3n de un men\u00fa de tiempos dise\u00f1ado para seducir el paladar, pero tambi\u00e9n los sentidos encargados de despertar el erotismo: olfato, o\u00eddo, tacto y vista. &nbsp; Las especialidades de SATINE: EROTIC &amp; LOVE FOOD son la representaci\u00f3n final de una gira&#8230;<\/p>\n","protected":false},"author":1,"featured_media":145,"parent":0,"menu_order":0,"comment_status":"closed","ping_status":"closed","template":"","meta":{"footnotes":""},"_links":{"self":[{"href":"https:\/\/coliseum.com.mx\/satine\/wp-json\/wp\/v2\/pages\/119"}],"collection":[{"href":"https:\/\/coliseum.com.mx\/satine\/wp-json\/wp\/v2\/pages"}],"about":[{"href":"https:\/\/coliseum.com.mx\/satine\/wp-json\/wp\/v2\/types\/page"}],"author":[{"embeddable":true,"href":"https:\/\/coliseum.com.mx\/satine\/wp-json\/wp\/v2\/users\/1"}],"replies":[{"embeddable":true,"href":"https:\/\/coliseum.com.mx\/satine\/wp-json\/wp\/v2\/comments?post=119"}],"version-history":[{"count":1,"href":"https:\/\/coliseum.com.mx\/satine\/wp-json\/wp\/v2\/pages\/119\/revisions"}],"predecessor-version":[{"id":120,"href":"https:\/\/coliseum.com.mx\/satine\/wp-json\/wp\/v2\/pages\/119\/revisions\/120"}],"wp:featuredmedia":[{"embeddable":true,"href":"https:\/\/coliseum.com.mx\/satine\/wp-json\/wp\/v2\/media\/145"}],"wp:attachment":[{"href":"https:\/\/coliseum.com.mx\/satine\/wp-json\/wp\/v2\/media?parent=119"}],"curies":[{"name":"wp","href":"https:\/\/api.w.org\/{rel}","templated":true}]}}