{"id":115,"date":"2018-10-03T05:27:12","date_gmt":"2018-10-03T05:27:12","guid":{"rendered":"http:\/\/coliseum.com.mx\/satine\/?page_id=115"},"modified":"2018-10-12T05:09:12","modified_gmt":"2018-10-12T05:09:12","slug":"reservaciones","status":"publish","type":"page","link":"https:\/\/coliseum.com.mx\/satine\/reservaciones\/","title":{"rendered":"RESERVACIONES"},"content":{"rendered":"<p><span style=\"font-weight: 400;\">RESERVACIONES<\/span><\/p>\n<p><span style=\"font-weight: 400;\">\u00danicamente con el 50% del anticipo del costo total.<\/span><\/p>\n<p>&nbsp;<\/p>\n<p><span style=\"font-weight: 400;\">Tel\u00e9fono (5255) 4325 49 79<\/span><\/p>\n<p><a href=\"mailto:satinerestaurante@gmail.com\"><span style=\"font-weight: 400;\">satinerestaurante@gmail.com<\/span><\/a><\/p>\n<p>&nbsp;<\/p>\n<p><span style=\"font-weight: 400;\">Estamos ubicados en una propiedad de estilo porfiriano construida en 1916 en la zona m\u00e1s tur\u00edstica de Ciudad de M\u00e9xico, a unas cuadras del \u00c1ngel de la Independencia.<\/span><\/p>\n","protected":false},"excerpt":{"rendered":"<p>RESERVACIONES \u00danicamente con el 50% del anticipo del costo total. &nbsp; Tel\u00e9fono (5255) 4325 49 79 satinerestaurante@gmail.com &nbsp; Estamos ubicados en una propiedad de estilo porfiriano construida en 1916 en la zona m\u00e1s tur\u00edstica de Ciudad de M\u00e9xico, a unas cuadras del \u00c1ngel de la Independencia.<\/p>\n","protected":false},"author":1,"featured_media":63,"parent":0,"menu_order":0,"comment_status":"closed","ping_status":"closed","template":"","meta":{"footnotes":""},"_links":{"self":[{"href":"https:\/\/coliseum.com.mx\/satine\/wp-json\/wp\/v2\/pages\/115"}],"collection":[{"href":"https:\/\/coliseum.com.mx\/satine\/wp-json\/wp\/v2\/pages"}],"about":[{"href":"https:\/\/coliseum.com.mx\/satine\/wp-json\/wp\/v2\/types\/page"}],"author":[{"embeddable":true,"href":"https:\/\/coliseum.com.mx\/satine\/wp-json\/wp\/v2\/users\/1"}],"replies":[{"embeddable":true,"href":"https:\/\/coliseum.com.mx\/satine\/wp-json\/wp\/v2\/comments?post=115"}],"version-history":[{"count":3,"href":"https:\/\/coliseum.com.mx\/satine\/wp-json\/wp\/v2\/pages\/115\/revisions"}],"predecessor-version":[{"id":161,"href":"https:\/\/coliseum.com.mx\/satine\/wp-json\/wp\/v2\/pages\/115\/revisions\/161"}],"wp:featuredmedia":[{"embeddable":true,"href":"https:\/\/coliseum.com.mx\/satine\/wp-json\/wp\/v2\/media\/63"}],"wp:attachment":[{"href":"https:\/\/coliseum.com.mx\/satine\/wp-json\/wp\/v2\/media?parent=115"}],"curies":[{"name":"wp","href":"https:\/\/api.w.org\/{rel}","templated":true}]}}